{"id":39,"date":"2010-01-24T17:07:31","date_gmt":"2010-01-24T16:07:31","guid":{"rendered":"http:\/\/www.fmckgbg.se\/wp\/medlemskap\/"},"modified":"2025-02-13T08:37:45","modified_gmt":"2025-02-13T07:37:45","slug":"medlemskap-i-fmck-gbg","status":"publish","type":"page","link":"https:\/\/www.fmckgbg.se\/wp\/medlemskap-i-fmck-gbg\/","title":{"rendered":"Medlemskap i FMCK Gbg"},"content":{"rendered":"<div>\n<div class=\"component\">\n<div class=\"section\">\n<p><strong>Vad kul att du vill bli medlem i FMCK G\u00f6teborg!<\/strong><\/p>\n<p><strong>Varf\u00f6r bli medlem i FMCK G\u00d6TEBORG?<\/strong><\/p>\n<ul>\n<li>Du \u00e4r avtalsskriven MC-ordonnans och medlemskap \u00e4r ett krav.<\/li>\n<li>Du vill g\u00e5 utbildning och vara verksam inom CMR, Civil Mc Resurs.<\/li>\n<li>Du \u00e4r ungdom och vill g\u00e5 en av v\u00e5ra ungdomskurser, till och med 20\u00e5rs \u00e5lder.<\/li>\n<li>Du vill g\u00e5 kurser genom FMCK.<\/li>\n<li>Du vill deltaga i f\u00f6reningsaktiviteter.<\/li>\n<li>Du vill skaffa en SVEMO licens, Vi \u00e4r SVEMO och SMC anslutna.<\/li>\n<li>Du vill st\u00f6dja FMCK G\u00f6teborgs verksamhet genom att bli st\u00f6dmedlem.<\/li>\n<\/ul>\n<p><strong>Vad g\u00f6r vi inte?<\/strong><\/p>\n<ul>\n<li>Vi utbildar inte till MC k\u00f6rkort.<\/li>\n<li>Vi \u00e4r inte en enduroklubb.<\/li>\n<\/ul>\n<p><strong>Hur blir man medlem i FMCK G\u00f6teborg?<\/strong><\/p>\n<p>Ett grundkrav f\u00f6r att g\u00e5 v\u00e5ra utbildningar till MC-ordonnans eller CMR \u00e4r att man har k\u00f6rkort f\u00f6r tung MC, dvs A. <br \/>F\u00f6r ungdomskurs 1 och 2 kr\u00e4vs ingen beh\u00f6righet, d\u00e4remot kr\u00e4vs AM beh\u00f6righet f\u00f6r ungdomskurs 3.<\/p>\n<ul>\n<li>Om du vill bli MC-ordonnans anm\u00e4ler man sitt intresse via <a href=\"https:\/\/fmck.arcmember.net\/Public\/BecomeMember.aspx\" target=\"_blank\" rel=\"noopener\">rekryteringsformul\u00e4ret<\/a>. Du blir d\u00e5 kallad till ett informationsm\u00f6te.<\/li>\n<li>Om du ist\u00e4llet \u00e4r intresserad av en CMR-utbildning anm\u00e4ler du ditt intresse via <a href=\"https:\/\/fmck.arcmember.net\/Public\/BecomeMember.aspx\" target=\"_blank\" rel=\"noopener\">rekryteringsformul\u00e4ret<\/a>. Du blir d\u00e5 kallad till en intervju d\u00e4r din l\u00e4mplighet bed\u00f6ms.<\/li>\n<li>Ungdomar anm\u00e4ler sitt intresse att g\u00e5 ungdomskurser via <a href=\"https:\/\/fmck.arcmember.net\/Public\/BecomeMember.aspx\" target=\"_blank\" rel=\"noopener\">rekryteringsformul\u00e4ret<\/a>.<br \/>L\u00e4s mer p\u00e5 FMCK Riks <a href=\"https:\/\/fmck.se\/\" target=\"_blank\" rel=\"noopener\">hemsida<\/a> om ungdomskurser.<\/li>\n<li>St\u00f6dmedlem blir du genom att anm\u00e4la ditt intresse via <a href=\"https:\/\/fmck.arcmember.net\/Public\/BecomeMember.aspx\" target=\"_blank\" rel=\"noopener\">rekryteringsformul\u00e4ret<\/a>.<\/li>\n<\/ul>\n<p>Observera att eftersom v\u00e5r k\u00e5rlokal ligger inne p\u00e5 ett milit\u00e4rt skyddsobjekt, kr\u00e4vs det att du \u00e4r svensk medborgare och vi beh\u00f6ver ditt personnummer f\u00f6r att kunna s\u00f6ka tilltr\u00e4de till omr\u00e5det.<\/p>\n<p>Har du fr\u00e5gor om medlemskap eller rekrytering kontakta <a href=\"mailto:&#x72;&#x65;&#x6b;&#x72;&#x79;&#x74;&#x65;&#x72;&#x69;&#x6e;&#x67;&#x40;&#x66;&#x6d;&#x63;&#x6b;&#x67;&#x62;&#x67;&#x2e;&#x73;&#x65;\">&#x72;&#x65;&#x6b;&#x72;&#x79;&#x74;&#x65;&#x72;&#x69;&#x6e;&#x67;&#x40;<span class=\"oe_displaynone\">null<\/span>&#x66;&#x6d;&#x63;&#x6b;&#x67;&#x62;&#x67;&#x2e;&#x73;&#x65;<\/a><\/p>\n<\/div>\n<\/div>\n<\/div>\n\n\n<p><strong>Avgifterna f\u00f6r 2025 \u00e4r f\u00f6ljande:<\/strong><br>600:- f\u00f6r familj.<br>450:- f\u00f6r enskild medlem.<br>200:- f\u00f6r ungdom, till och med 20\u00e5rs \u00e5lder.<br>200:- f\u00f6r st\u00f6dmedlem.<br>Pengarna skall betalas till FMCK Riks n\u00e4r fakturan kommer fr\u00e5n dom.<br>Betala INTE medlemsavgiften till FMCK G\u00f6teborg s\u00e5 \u00e4r ni sn\u00e4lla.<br><br><strong>SMC<\/strong><br>Vill ni bli medlem i SMC genom FMCK g\u00e5r det bra. <br>Meddela <strong>SMC<\/strong> att ni \u00e4r medlem i FMCK G\u00f6teborg.<br>F\u00f6r information ang. SMC avgifter titta p\u00e5 <a href=\"http:\/\/www.svmc.se\">SMCs hemsida<\/a>.<br><br>Gl\u00f6m inte att g\u00e5 in p\u00e5 <a href=\"https:\/\/fmck.arcmember.net\/Public\/\">ArcMember<\/a> och \u00e4ndra era uppgifter om ni tex. flyttat eller bytt mobilnummer.<br><br>Kontakta kansliet med fr\u00e5gor ang\u00e5ende inbetalningar f\u00f6r medlemsavgifter.<br><a href=\"mailto:&#x66;&#x6d;&#x63;&#x6b;&#x2e;&#x72;&#x69;&#x6b;&#x73;&#x40;&#x66;&#x6d;&#x63;&#x6b;&#x2e;&#x73;&#x65;\">&#x66;&#x6d;&#x63;&#x6b;&#x2e;&#x72;&#x69;&#x6b;&#x73;&#x40;<span class=\"oe_displaynone\">null<\/span>&#x66;&#x6d;&#x63;&#x6b;&#x2e;&#x73;&#x65;<\/a><br><\/p>","protected":false},"excerpt":{"rendered":"<p>Vad kul att du vill bli medlem i FMCK G\u00f6teborg! Varf\u00f6r bli medlem i FMCK G\u00d6TEBORG? Du \u00e4r avtalsskriven MC-ordonnans och medlemskap \u00e4r ett krav. Du vill g\u00e5 utbildning och vara verksam inom CMR, Civil Mc Resurs. Du \u00e4r ungdom och vill g\u00e5 en av v\u00e5ra ungdomskurser, till och med [&hellip;]<\/p>\n","protected":false},"author":1,"featured_media":0,"parent":0,"menu_order":0,"comment_status":"closed","ping_status":"closed","template":"","meta":{"footnotes":"","_links_to":"","_links_to_target":""},"class_list":["post-39","page","type-page","status-publish","hentry"],"_links":{"self":[{"href":"https:\/\/www.fmckgbg.se\/wp\/wp-json\/wp\/v2\/pages\/39","targetHints":{"allow":["GET"]}}],"collection":[{"href":"https:\/\/www.fmckgbg.se\/wp\/wp-json\/wp\/v2\/pages"}],"about":[{"href":"https:\/\/www.fmckgbg.se\/wp\/wp-json\/wp\/v2\/types\/page"}],"author":[{"embeddable":true,"href":"https:\/\/www.fmckgbg.se\/wp\/wp-json\/wp\/v2\/users\/1"}],"replies":[{"embeddable":true,"href":"https:\/\/www.fmckgbg.se\/wp\/wp-json\/wp\/v2\/comments?post=39"}],"version-history":[{"count":51,"href":"https:\/\/www.fmckgbg.se\/wp\/wp-json\/wp\/v2\/pages\/39\/revisions"}],"predecessor-version":[{"id":2357,"href":"https:\/\/www.fmckgbg.se\/wp\/wp-json\/wp\/v2\/pages\/39\/revisions\/2357"}],"wp:attachment":[{"href":"https:\/\/www.fmckgbg.se\/wp\/wp-json\/wp\/v2\/media?parent=39"}],"curies":[{"name":"wp","href":"https:\/\/api.w.org\/{rel}","templated":true}]}}