{"id":1169,"date":"2021-01-24T15:34:13","date_gmt":"2021-01-24T14:34:13","guid":{"rendered":"https:\/\/www.fmckgbg.se\/wp\/?page_id=1169"},"modified":"2023-06-12T11:06:56","modified_gmt":"2023-06-12T09:06:56","slug":"eftersoksloggar","status":"publish","type":"page","link":"https:\/\/www.fmckgbg.se\/wp\/eftersok\/eftersoksloggar\/","title":{"rendered":"Efters\u00f6ksloggar"},"content":{"rendered":"<p>H\u00e4r samlar vi information och dokument om faktiska efters\u00f6k.<\/p>\n\n\n\n<ul class=\"wp-block-list\">\n<li><a href=\"https:\/\/www.fmckgbg.se\/wp\/FMCK-Gbg\/Efters%C3%B6k\/eftersoeksmanual_att_anvaendas_av_fmck_samordnare.docx\" data-type=\"URL\" data-id=\"https:\/\/www.fmckgbg.se\/wp\/FMCK-Gbg\/Efters%C3%B6k\/eftersoeksmanual_att_anvaendas_av_fmck_samordnare.docx\">Efters\u00f6ksmanual att anv\u00e4ndas av FMCK samordnare<\/a><\/li>\n\n\n\n<li><a href=\"https:\/\/www.fmckgbg.se\/wp\/FMCK-Gbg\/Efters%C3%B6k\/eftersoekslogg_som_ska_ifyllas_vid_eftersoek.docx\" data-type=\"URL\" data-id=\"https:\/\/www.fmckgbg.se\/wp\/FMCK-Gbg\/Efters%C3%B6k\/eftersoekslogg_som_ska_ifyllas_vid_eftersoek.docx\">Mall f\u00f6r efters\u00f6kslogg<\/a><\/li>\n<\/ul>\n\n\n\n<ul class=\"wp-block-list\">\n<li>2023-06-06 \u00d6xab\u00e4ck, Bor\u00e5s<\/li>\n\n\n\n<li><a href=\"https:\/\/www.fmckgbg.se\/wp\/FMCK-Gbg\/Efters%C3%B6k\/eftersoekslogg_2015-05-27_olofstorp.docx\" data-type=\"URL\" data-id=\"https:\/\/www.fmckgbg.se\/wp\/FMCK-Gbg\/Efters%C3%B6k\/eftersoekslogg_2015-05-27_olofstorp.docx\">2015-05-27 Olofstorp<\/a><\/li>\n\n\n\n<li><a href=\"https:\/\/www.fmckgbg.se\/wp\/FMCK-Gbg\/Efters%C3%B6k\/eftersoekslogg_2015-04-03_saeroe.docx\" data-type=\"URL\" data-id=\"https:\/\/www.fmckgbg.se\/wp\/FMCK-Gbg\/Efters%C3%B6k\/eftersoekslogg_2015-04-03_saeroe.docx\">2015-04-03 S\u00e4r\u00f6<\/a><\/li>\n\n\n\n<li><a href=\"https:\/\/www.fmckgbg.se\/wp\/FMCK-Gbg\/Efters%C3%B6k\/eftersoekslogg_2014-10-21_kungaelv.docx\" data-type=\"URL\" data-id=\"https:\/\/www.fmckgbg.se\/wp\/FMCK-Gbg\/Efters%C3%B6k\/eftersoekslogg_2014-10-21_kungaelv.docx\">2014-10-21 Kung\u00e4lv<\/a><\/li>\n\n\n\n<li><a href=\"https:\/\/www.fmckgbg.se\/wp\/FMCK-Gbg\/Efters%C3%B6k\/2014-07-27_saetila.docx\" data-type=\"URL\" data-id=\"https:\/\/www.fmckgbg.se\/wp\/FMCK-Gbg\/Efters%C3%B6k\/2014-07-27_saetila.docx\">2014-07-27 S\u00e4tila<\/a><\/li>\n\n\n\n<li><a href=\"https:\/\/www.fmckgbg.se\/wp\/FMCK-Gbg\/Efters%C3%B6k\/eftersoekslogg_2014-06-16_roennaeng_tjoern.docx\">2014-06-16 R\u00f6nn\u00e4ng Tj\u00f6rn<\/a><\/li>\n\n\n\n<li><a href=\"https:\/\/www.fmckgbg.se\/wp\/FMCK-Gbg\/Efters%C3%B6k\/eftersoekslogg_2014-06-03_sisjoen.docx\">2014-06-03 Sisj\u00f6n<\/a><\/li>\n\n\n\n<li><a href=\"https:\/\/www.fmckgbg.se\/wp\/FMCK-Gbg\/Efters%C3%B6k\/eftersoekslogg_2014-05-28_gunnilse.docx\">2014-05-28 Gunnilse<\/a><\/li>\n\n\n\n<li><a href=\"https:\/\/www.fmckgbg.se\/wp\/FMCK-Gbg\/Efters%C3%B6k\/eftersoekslogg_2014-03-09_hammarkullen.docx\">2014-03-09 Hammarkullen<\/a><\/li>\n\n\n\n<li><a href=\"https:\/\/www.fmckgbg.se\/wp\/FMCK-Gbg\/Efters%C3%B6k\/2013-12-31_ulricehamn.docx\">2013-12-31 Ulricehamn<\/a><\/li>\n\n\n\n<li><a href=\"https:\/\/www.fmckgbg.se\/wp\/FMCK-Gbg\/Efters%C3%B6k\/2013-11-06_ucklum.docx\">2013-11-06 Ucklum<\/a><\/li>\n\n\n\n<li><a href=\"https:\/\/www.fmckgbg.se\/wp\/FMCK-Gbg\/Efters%C3%B6k\/2013-04-28_boras.docx\">2013-04-28 Bor\u00e5s<\/a><\/li>\n\n\n\n<li><a href=\"https:\/\/www.fmckgbg.se\/wp\/FMCK-Gbg\/Efters%C3%B6k\/eftersoekslogg_2013-06-08.docx\">2013-06-08 Ale, Nyg\u00e5rd<\/a><\/li>\n\n\n\n<li><a href=\"https:\/\/www.fmckgbg.se\/wp\/FMCK-Gbg\/Efters%C3%B6k\/eftersoekslogg_2012-06-12.docx\">2012-06-12 V\u00e4ttlefj\u00e4ll<\/a><\/li>\n<\/ul>\n\n\n\n<h1 class=\"wp-block-heading\">Diverse<\/h1>\n\n\n\n<p><a href=\"http:\/\/intranet.fmckgbg.se\/lib\/exe\/detail.php?id=eftersoek%3Aeftersoekslogg&amp;media=eftersoek:eftersok_skatas_2015.jpeg\"><\/a><img loading=\"lazy\" decoding=\"async\" width=\"650\" height=\"434\" class=\"wp-image-1177\" style=\"width: 650px;\" src=\"https:\/\/www.fmckgbg.se\/wp\/wp-content\/uploads\/2021\/01\/eftersok_skatas_2015.jpg\" alt=\"\" srcset=\"https:\/\/www.fmckgbg.se\/wp\/wp-content\/uploads\/2021\/01\/eftersok_skatas_2015.jpg 640w, https:\/\/www.fmckgbg.se\/wp\/wp-content\/uploads\/2021\/01\/eftersok_skatas_2015-300x200.jpg 300w, https:\/\/www.fmckgbg.se\/wp\/wp-content\/uploads\/2021\/01\/eftersok_skatas_2015-360x240.jpg 360w\" sizes=\"auto, (max-width: 650px) 100vw, 650px\" \/><br>Efters\u00f6k Skat\u00e5s 5\/4-2015<\/p>\n\n\n\n<h1 class=\"wp-block-heading\">Artiklar om gamla efters\u00f6k<\/h1>\n\n\n\n<h2 class=\"wp-block-heading\">2011-07-04 Efters\u00f6k<\/h2>\n\n\n\n<p>Den 2\/7-11 kl 0330 ringde VB G\u00f6teborgs Garnison och meddelade att polisen bett FMCK om hj\u00e4lp med ett efters\u00f6k av en f\u00f6rsvunnen person i ett skogsomr\u00e5de \u00f6ster om N\u00f6dinge. Strax efter 0600 hade vi tv\u00e5 ordonnanser p\u00e5 plats, plus ytterligare tv\u00e5 som skulle ansluta senare. I samband med detta p\u00e5b\u00f6rjade \u00e4ven ca 20 hemv\u00e4rnsm\u00e4n patrulls\u00f6k i de inre cirklarna. Som vanligt genomf\u00f6rde vi ledg\u00e5ngss\u00f6k i de yttre omr\u00e5dena som tillh\u00f6rde den norra delen av V\u00e4ttlefj\u00e4lls naturreservat.<br>Strax f\u00f6re kl 1000 hittades den efters\u00f6kta personen avliden ca 500 m fr\u00e5n hemmet av en hemv\u00e4rnspatrull. V\u00e5rt s\u00f6komr\u00e5de b\u00f6rjade ca tv\u00e5 km fr\u00e5n<br>platsen d\u00e4r personen hittades.<br>Trots den tragiska utg\u00e5ngen var detta ett v\u00e4l genomf\u00f6rt efters\u00f6k. V\u00e5r<br>insats var som vanligt mycket uppskattad eftersom v\u00e5r f\u00f6rm\u00e5ga att<br>relativt snabbt s\u00f6ka av stigar och andra ledst\u00e4nger i naturen \u00e4r<br>v\u00e4rdefull och det \u00e4r sv\u00e5rt att genomf\u00f6ra utan mc.<br><br>Stort tack till till er som st\u00e4llde upp!<br><br>\/Christian<br><\/p>\n\n\n\n<h2 class=\"wp-block-heading\">2009-09-07 Efters\u00f6k p\u00e5 Tj\u00f6rn<\/h2>\n\n\n\n<p>Efters\u00f6ket p\u00e5 Tj\u00f6rn \u00e4r avslutat. Mannen hittades v\u00e4lbeh\u00e5llen i morse, innan v\u00e5ra ordonnanser p\u00e5b\u00f6rjat efters\u00f6k.<br><br>Tack f\u00f6r alla bra svar, precis s\u00e5 skall det se ut. Huvuddelen har svarat vilket \u00e4r j\u00e4ttebra och g\u00f6r det enklare att administrera. Huvudet st\u00e5r ju ganska still n\u00e4r man blir v\u00e4ckt 04:30 p\u00e5 morgonen.<br><br>Och tack ni som \u00e5kte ut. Det var inte i on\u00f6dan, det \u00e4r det aldrig. Vi visade \u00e5terigen v\u00e5r styrka. F\u00f6r Polisen, och f\u00f6r Elfsborgsgruppen.<br><br>Som kuriosa kan jag meddela att VB best\u00e4llde 6 ordonnanser, k\u00f6rklara fr\u00e5n 09:00. Detta levererade vi, och 6 ordonnanser avreste 08:00 fr\u00e5n G\u00f6teborg. Hemv\u00e4rnet hade vid den tidpunkten skramlat ihop endast 5 man. Kn Waller, som var VB och \u00f6vergick till att vara MIC, var imponerad \u00f6ver oss och fr\u00e5gade mig \u201dHur kommer det sig att det \u00e4r l\u00e4tt att f\u00e5 ihop folk fr\u00e5n FMCK, men s\u00e5 sv\u00e5rt fr\u00e5n resten av hemv\u00e4rnet?\u201d Jag passar fr\u00e5gan vidare till er, \u00e4ven om jag har n\u00e5gra teorier. Kommentera g\u00e4rna!<br><br><\/p>\n\n\n\n<h2 class=\"wp-block-heading\">2009-07-29 Efters\u00f6k i Floda<\/h2>\n\n\n\n<p>FMCK Gbg, tillsammans med hemv\u00e4rnet och polisen, detog i ett efters\u00f6k i Floda.<br>Missade ni inslaget p\u00e5 V\u00e4stnytt d\u00e4r J\u00f6rgen och FMCK var med p\u00e5 bild s\u00e5 finns h\u00e4r en chans att se en del av det inslaget.<br><a href=\"http:\/\/intranet.fmckgbg.se\/lib\/exe\/detail.php?id=eftersoek%3Aeftersoekslogg&amp;media=eftersoek:eftersok_090729.jpg\"><\/a><br><a href=\"https:\/\/www.fmckgbg.se\/wp\/FMCK-Gbg\/Efters%C3%B6k\/eftersok_090729.asx\" data-type=\"URL\" data-id=\"https:\/\/www.fmckgbg.se\/wp\/FMCK-Gbg\/Efters%C3%B6k\/eftersok_090729.asx\">eftersok_090729.asx<\/a><\/p>","protected":false},"excerpt":{"rendered":"<p>H\u00e4r samlar vi information och dokument om faktiska efters\u00f6k. Diverse Efters\u00f6k Skat\u00e5s 5\/4-2015 Artiklar om gamla efters\u00f6k 2011-07-04 Efters\u00f6k Den 2\/7-11 kl 0330 ringde VB G\u00f6teborgs Garnison och meddelade att polisen bett FMCK om hj\u00e4lp med ett efters\u00f6k av en f\u00f6rsvunnen person i ett skogsomr\u00e5de \u00f6ster om N\u00f6dinge. Strax efter [&hellip;]<\/p>\n","protected":false},"author":1,"featured_media":0,"parent":1166,"menu_order":0,"comment_status":"closed","ping_status":"closed","template":"","meta":{"footnotes":"","_links_to":"","_links_to_target":""},"class_list":["post-1169","page","type-page","status-publish","hentry"],"_links":{"self":[{"href":"https:\/\/www.fmckgbg.se\/wp\/wp-json\/wp\/v2\/pages\/1169","targetHints":{"allow":["GET"]}}],"collection":[{"href":"https:\/\/www.fmckgbg.se\/wp\/wp-json\/wp\/v2\/pages"}],"about":[{"href":"https:\/\/www.fmckgbg.se\/wp\/wp-json\/wp\/v2\/types\/page"}],"author":[{"embeddable":true,"href":"https:\/\/www.fmckgbg.se\/wp\/wp-json\/wp\/v2\/users\/1"}],"replies":[{"embeddable":true,"href":"https:\/\/www.fmckgbg.se\/wp\/wp-json\/wp\/v2\/comments?post=1169"}],"version-history":[{"count":4,"href":"https:\/\/www.fmckgbg.se\/wp\/wp-json\/wp\/v2\/pages\/1169\/revisions"}],"predecessor-version":[{"id":2132,"href":"https:\/\/www.fmckgbg.se\/wp\/wp-json\/wp\/v2\/pages\/1169\/revisions\/2132"}],"up":[{"embeddable":true,"href":"https:\/\/www.fmckgbg.se\/wp\/wp-json\/wp\/v2\/pages\/1166"}],"wp:attachment":[{"href":"https:\/\/www.fmckgbg.se\/wp\/wp-json\/wp\/v2\/media?parent=1169"}],"curies":[{"name":"wp","href":"https:\/\/api.w.org\/{rel}","templated":true}]}}